{"id":811,"date":"2026-03-27T20:43:21","date_gmt":"2026-03-28T00:43:21","guid":{"rendered":"https:\/\/xpertos.online\/?page_id=811"},"modified":"2026-03-30T20:56:46","modified_gmt":"2026-03-31T00:56:46","slug":"elementor-811","status":"publish","type":"page","link":"https:\/\/xpertos.online\/","title":{"rendered":"Inicio"},"content":{"rendered":"\t\t<div data-elementor-type=\"wp-page\" data-elementor-id=\"811\" class=\"elementor elementor-811\">\n\t\t\t\t\t\t<section class=\"elementor-section elementor-top-section elementor-element elementor-element-13cda03 elementor-section-height-min-height elementor-section-boxed elementor-section-height-default elementor-section-items-middle\" data-id=\"13cda03\" data-element_type=\"section\" data-e-type=\"section\" data-settings=\"{&quot;background_background&quot;:&quot;classic&quot;}\">\n\t\t\t\t\t\t\t<div class=\"elementor-background-overlay\"><\/div>\n\t\t\t\t\t\t\t<div class=\"elementor-container elementor-column-gap-default\">\n\t\t\t\t\t<div class=\"elementor-column elementor-col-100 elementor-top-column elementor-element elementor-element-34b43a74\" data-id=\"34b43a74\" data-element_type=\"column\" data-e-type=\"column\">\n\t\t\t<div class=\"elementor-widget-wrap elementor-element-populated\">\n\t\t\t\t\t\t<div class=\"elementor-element elementor-element-1784b87f elementor-widget__width-initial elementor-absolute elementor-hidden-tablet elementor-hidden-mobile elementor-widget elementor-widget-image\" data-id=\"1784b87f\" data-element_type=\"widget\" data-e-type=\"widget\" data-settings=\"{&quot;_position&quot;:&quot;absolute&quot;}\" data-widget_type=\"image.default\">\n\t\t\t\t\t\t\t\t\t\t\t\t\t\t\t<img fetchpriority=\"high\" decoding=\"async\" width=\"990\" height=\"905\" src=\"https:\/\/xpertos.online\/wp-content\/uploads\/2026\/03\/box-3.png\" class=\"attachment-full size-full wp-image-742\" alt=\"\" srcset=\"https:\/\/xpertos.online\/wp-content\/uploads\/2026\/03\/box-3.png 990w, https:\/\/xpertos.online\/wp-content\/uploads\/2026\/03\/box-3-300x274.png 300w, https:\/\/xpertos.online\/wp-content\/uploads\/2026\/03\/box-3-768x702.png 768w\" sizes=\"(max-width: 990px) 100vw, 990px\" \/>\t\t\t\t\t\t\t\t\t\t\t\t\t\t\t<\/div>\n\t\t\t\t<div class=\"elementor-element elementor-element-5981434e elementor-widget elementor-widget-heading\" data-id=\"5981434e\" data-element_type=\"widget\" data-e-type=\"widget\" data-widget_type=\"heading.default\">\n\t\t\t\t\t<h1 class=\"elementor-heading-title elementor-size-default\">El marketing cambi\u00f3. Nosotros tambi\u00e9n.<\/h1>\t\t\t\t<\/div>\n\t\t\t\t<div class=\"elementor-element elementor-element-5427a74a elementor-widget elementor-widget-heading\" data-id=\"5427a74a\" data-element_type=\"widget\" data-e-type=\"widget\" data-widget_type=\"heading.default\">\n\t\t\t\t\t<h3 class=\"elementor-heading-title elementor-size-default\">Consultor\u00eda estrat\u00e9gica que rompe con lo convencional. \nPorque diferente es la \u00fanica manera de destacar.<\/h3>\t\t\t\t<\/div>\n\t\t\t\t<section class=\"elementor-section elementor-inner-section elementor-element elementor-element-44149980 elementor-section-boxed elementor-section-height-default elementor-section-height-default\" data-id=\"44149980\" data-element_type=\"section\" data-e-type=\"section\">\n\t\t\t\t\t\t<div class=\"elementor-container elementor-column-gap-default\">\n\t\t\t\t\t<div class=\"elementor-column elementor-col-50 elementor-inner-column elementor-element elementor-element-32dca6f5\" data-id=\"32dca6f5\" data-element_type=\"column\" data-e-type=\"column\">\n\t\t\t<div class=\"elementor-widget-wrap elementor-element-populated\">\n\t\t\t\t\t\t<div class=\"elementor-element elementor-element-369c2d37 elementor-align-right elementor-mobile-align-center elementor-widget elementor-widget-button\" data-id=\"369c2d37\" data-element_type=\"widget\" data-e-type=\"widget\" data-widget_type=\"button.default\">\n\t\t\t\t\t\t\t\t\t\t<a class=\"elementor-button elementor-button-link elementor-size-sm\" href=\"https:\/\/xpertos.online\/?page_id=818\" target=\"_blank\">\n\t\t\t\t\t\t<span class=\"elementor-button-content-wrapper\">\n\t\t\t\t\t\t<span class=\"elementor-button-icon\">\n\t\t\t\t<svg aria-hidden=\"true\" class=\"e-font-icon-svg e-fas-angle-right\" viewBox=\"0 0 256 512\" xmlns=\"http:\/\/www.w3.org\/2000\/svg\"><path d=\"M224.3 273l-136 136c-9.4 9.4-24.6 9.4-33.9 0l-22.6-22.6c-9.4-9.4-9.4-24.6 0-33.9l96.4-96.4-96.4-96.4c-9.4-9.4-9.4-24.6 0-33.9L54.3 103c9.4-9.4 24.6-9.4 33.9 0l136 136c9.5 9.4 9.5 24.6.1 34z\"><\/path><\/svg>\t\t\t<\/span>\n\t\t\t\t\t\t\t\t\t<span class=\"elementor-button-text\">VER SERVICIOS<\/span>\n\t\t\t\t\t<\/span>\n\t\t\t\t\t<\/a>\n\t\t\t\t\t\t\t\t<\/div>\n\t\t\t\t\t<\/div>\n\t\t<\/div>\n\t\t\t\t<div class=\"elementor-column elementor-col-50 elementor-inner-column elementor-element elementor-element-7fba04cf\" data-id=\"7fba04cf\" data-element_type=\"column\" data-e-type=\"column\">\n\t\t\t<div class=\"elementor-widget-wrap elementor-element-populated\">\n\t\t\t\t\t\t<div class=\"elementor-element elementor-element-26acb005 elementor-align-left elementor-mobile-align-center elementor-widget elementor-widget-button\" data-id=\"26acb005\" data-element_type=\"widget\" data-e-type=\"widget\" data-widget_type=\"button.default\">\n\t\t\t\t\t\t\t\t\t\t<a class=\"elementor-button elementor-button-link elementor-size-sm\" href=\"https:\/\/xpertos.online\/?page_id=953\" target=\"_blank\">\n\t\t\t\t\t\t<span class=\"elementor-button-content-wrapper\">\n\t\t\t\t\t\t<span class=\"elementor-button-icon\">\n\t\t\t\t<svg aria-hidden=\"true\" class=\"e-font-icon-svg e-fas-angle-right\" viewBox=\"0 0 256 512\" xmlns=\"http:\/\/www.w3.org\/2000\/svg\"><path d=\"M224.3 273l-136 136c-9.4 9.4-24.6 9.4-33.9 0l-22.6-22.6c-9.4-9.4-9.4-24.6 0-33.9l96.4-96.4-96.4-96.4c-9.4-9.4-9.4-24.6 0-33.9L54.3 103c9.4-9.4 24.6-9.4 33.9 0l136 136c9.5 9.4 9.5 24.6.1 34z\"><\/path><\/svg>\t\t\t<\/span>\n\t\t\t\t\t\t\t\t\t<span class=\"elementor-button-text\">QUIENES SOMOS<\/span>\n\t\t\t\t\t<\/span>\n\t\t\t\t\t<\/a>\n\t\t\t\t\t\t\t\t<\/div>\n\t\t\t\t\t<\/div>\n\t\t<\/div>\n\t\t\t\t\t<\/div>\n\t\t<\/section>\n\t\t\t\t\t<\/div>\n\t\t<\/div>\n\t\t\t\t\t<\/div>\n\t\t<\/section>\n\t\t\t\t<\/div>\n\t\t","protected":false},"excerpt":{"rendered":"<p>El marketing cambi\u00f3. Nosotros tambi\u00e9n. Consultor\u00eda estrat\u00e9gica que rompe con lo convencional. Porque diferente es la \u00fanica manera de destacar. VER SERVICIOS QUIENES SOMOS<\/p>\n","protected":false},"author":1,"featured_media":0,"parent":0,"menu_order":0,"comment_status":"closed","ping_status":"closed","template":"","meta":{"footnotes":""},"class_list":["post-811","page","type-page","status-publish","hentry"],"yoast_head":"<!-- This site is optimized with the Yoast SEO plugin v27.4 - https:\/\/yoast.com\/product\/yoast-seo-wordpress\/ -->\n<title>Inicio - Xpertos<\/title>\n<meta name=\"robots\" content=\"index, follow, max-snippet:-1, max-image-preview:large, max-video-preview:-1\" \/>\n<link rel=\"canonical\" href=\"https:\/\/xpertos.online\/\" \/>\n<meta property=\"og:locale\" content=\"es_ES\" \/>\n<meta property=\"og:type\" content=\"article\" \/>\n<meta property=\"og:title\" content=\"Inicio - Xpertos\" \/>\n<meta property=\"og:description\" content=\"El marketing cambi\u00f3. Nosotros tambi\u00e9n. Consultor\u00eda estrat\u00e9gica que rompe con lo convencional. Porque diferente es la \u00fanica manera de destacar. VER SERVICIOS QUIENES SOMOS\" \/>\n<meta property=\"og:url\" content=\"https:\/\/xpertos.online\/\" \/>\n<meta property=\"og:site_name\" content=\"Xpertos\" \/>\n<meta property=\"article:modified_time\" content=\"2026-03-31T00:56:46+00:00\" \/>\n<meta property=\"og:image\" content=\"https:\/\/xpertos.online\/wp-content\/uploads\/2026\/03\/box-3.png\" \/>\n\t<meta property=\"og:image:width\" content=\"990\" \/>\n\t<meta property=\"og:image:height\" content=\"905\" \/>\n\t<meta property=\"og:image:type\" content=\"image\/png\" \/>\n<meta name=\"twitter:card\" content=\"summary_large_image\" \/>\n<script type=\"application\/ld+json\" class=\"yoast-schema-graph\">{\"@context\":\"https:\\\/\\\/schema.org\",\"@graph\":[{\"@type\":\"WebPage\",\"@id\":\"https:\\\/\\\/xpertos.online\\\/\",\"url\":\"https:\\\/\\\/xpertos.online\\\/\",\"name\":\"Inicio - Xpertos\",\"isPartOf\":{\"@id\":\"https:\\\/\\\/xpertos.online\\\/#website\"},\"primaryImageOfPage\":{\"@id\":\"https:\\\/\\\/xpertos.online\\\/#primaryimage\"},\"image\":{\"@id\":\"https:\\\/\\\/xpertos.online\\\/#primaryimage\"},\"thumbnailUrl\":\"https:\\\/\\\/xpertos.online\\\/wp-content\\\/uploads\\\/2026\\\/03\\\/box-3.png\",\"datePublished\":\"2026-03-28T00:43:21+00:00\",\"dateModified\":\"2026-03-31T00:56:46+00:00\",\"breadcrumb\":{\"@id\":\"https:\\\/\\\/xpertos.online\\\/#breadcrumb\"},\"inLanguage\":\"es\",\"potentialAction\":[{\"@type\":\"ReadAction\",\"target\":[\"https:\\\/\\\/xpertos.online\\\/\"]}]},{\"@type\":\"ImageObject\",\"inLanguage\":\"es\",\"@id\":\"https:\\\/\\\/xpertos.online\\\/#primaryimage\",\"url\":\"https:\\\/\\\/xpertos.online\\\/wp-content\\\/uploads\\\/2026\\\/03\\\/box-3.png\",\"contentUrl\":\"https:\\\/\\\/xpertos.online\\\/wp-content\\\/uploads\\\/2026\\\/03\\\/box-3.png\",\"width\":990,\"height\":905},{\"@type\":\"BreadcrumbList\",\"@id\":\"https:\\\/\\\/xpertos.online\\\/#breadcrumb\",\"itemListElement\":[{\"@type\":\"ListItem\",\"position\":1,\"name\":\"Portada\",\"item\":\"https:\\\/\\\/xpertos.online\\\/\"},{\"@type\":\"ListItem\",\"position\":2,\"name\":\"Inicio\"}]},{\"@type\":\"WebSite\",\"@id\":\"https:\\\/\\\/xpertos.online\\\/#website\",\"url\":\"https:\\\/\\\/xpertos.online\\\/\",\"name\":\"Xpertos\",\"description\":\"\",\"potentialAction\":[{\"@type\":\"SearchAction\",\"target\":{\"@type\":\"EntryPoint\",\"urlTemplate\":\"https:\\\/\\\/xpertos.online\\\/?s={search_term_string}\"},\"query-input\":{\"@type\":\"PropertyValueSpecification\",\"valueRequired\":true,\"valueName\":\"search_term_string\"}}],\"inLanguage\":\"es\"}]}<\/script>\n<!-- \/ Yoast SEO plugin. -->","yoast_head_json":{"title":"Inicio - Xpertos","robots":{"index":"index","follow":"follow","max-snippet":"max-snippet:-1","max-image-preview":"max-image-preview:large","max-video-preview":"max-video-preview:-1"},"canonical":"https:\/\/xpertos.online\/","og_locale":"es_ES","og_type":"article","og_title":"Inicio - Xpertos","og_description":"El marketing cambi\u00f3. Nosotros tambi\u00e9n. Consultor\u00eda estrat\u00e9gica que rompe con lo convencional. Porque diferente es la \u00fanica manera de destacar. VER SERVICIOS QUIENES SOMOS","og_url":"https:\/\/xpertos.online\/","og_site_name":"Xpertos","article_modified_time":"2026-03-31T00:56:46+00:00","og_image":[{"width":990,"height":905,"url":"https:\/\/xpertos.online\/wp-content\/uploads\/2026\/03\/box-3.png","type":"image\/png"}],"twitter_card":"summary_large_image","schema":{"@context":"https:\/\/schema.org","@graph":[{"@type":"WebPage","@id":"https:\/\/xpertos.online\/","url":"https:\/\/xpertos.online\/","name":"Inicio - Xpertos","isPartOf":{"@id":"https:\/\/xpertos.online\/#website"},"primaryImageOfPage":{"@id":"https:\/\/xpertos.online\/#primaryimage"},"image":{"@id":"https:\/\/xpertos.online\/#primaryimage"},"thumbnailUrl":"https:\/\/xpertos.online\/wp-content\/uploads\/2026\/03\/box-3.png","datePublished":"2026-03-28T00:43:21+00:00","dateModified":"2026-03-31T00:56:46+00:00","breadcrumb":{"@id":"https:\/\/xpertos.online\/#breadcrumb"},"inLanguage":"es","potentialAction":[{"@type":"ReadAction","target":["https:\/\/xpertos.online\/"]}]},{"@type":"ImageObject","inLanguage":"es","@id":"https:\/\/xpertos.online\/#primaryimage","url":"https:\/\/xpertos.online\/wp-content\/uploads\/2026\/03\/box-3.png","contentUrl":"https:\/\/xpertos.online\/wp-content\/uploads\/2026\/03\/box-3.png","width":990,"height":905},{"@type":"BreadcrumbList","@id":"https:\/\/xpertos.online\/#breadcrumb","itemListElement":[{"@type":"ListItem","position":1,"name":"Portada","item":"https:\/\/xpertos.online\/"},{"@type":"ListItem","position":2,"name":"Inicio"}]},{"@type":"WebSite","@id":"https:\/\/xpertos.online\/#website","url":"https:\/\/xpertos.online\/","name":"Xpertos","description":"","potentialAction":[{"@type":"SearchAction","target":{"@type":"EntryPoint","urlTemplate":"https:\/\/xpertos.online\/?s={search_term_string}"},"query-input":{"@type":"PropertyValueSpecification","valueRequired":true,"valueName":"search_term_string"}}],"inLanguage":"es"}]}},"_links":{"self":[{"href":"https:\/\/xpertos.online\/index.php?rest_route=\/wp\/v2\/pages\/811","targetHints":{"allow":["GET"]}}],"collection":[{"href":"https:\/\/xpertos.online\/index.php?rest_route=\/wp\/v2\/pages"}],"about":[{"href":"https:\/\/xpertos.online\/index.php?rest_route=\/wp\/v2\/types\/page"}],"author":[{"embeddable":true,"href":"https:\/\/xpertos.online\/index.php?rest_route=\/wp\/v2\/users\/1"}],"replies":[{"embeddable":true,"href":"https:\/\/xpertos.online\/index.php?rest_route=%2Fwp%2Fv2%2Fcomments&post=811"}],"version-history":[{"count":5,"href":"https:\/\/xpertos.online\/index.php?rest_route=\/wp\/v2\/pages\/811\/revisions"}],"predecessor-version":[{"id":987,"href":"https:\/\/xpertos.online\/index.php?rest_route=\/wp\/v2\/pages\/811\/revisions\/987"}],"wp:attachment":[{"href":"https:\/\/xpertos.online\/index.php?rest_route=%2Fwp%2Fv2%2Fmedia&parent=811"}],"curies":[{"name":"wp","href":"https:\/\/api.w.org\/{rel}","templated":true}]}}