{"id":953,"date":"2026-03-30T19:40:04","date_gmt":"2026-03-30T23:40:04","guid":{"rendered":"https:\/\/xpertos.online\/?page_id=953"},"modified":"2026-03-31T12:30:08","modified_gmt":"2026-03-31T16:30:08","slug":"elementor-953","status":"publish","type":"page","link":"https:\/\/xpertos.online\/?page_id=953","title":{"rendered":"Quienes somos"},"content":{"rendered":"\t\t<div data-elementor-type=\"wp-page\" data-elementor-id=\"953\" class=\"elementor elementor-953\">\n\t\t\t\t\t\t<section class=\"elementor-section elementor-top-section elementor-element elementor-element-62570035 elementor-section-height-min-height elementor-section-boxed elementor-section-height-default elementor-section-items-middle\" data-id=\"62570035\" data-element_type=\"section\" data-e-type=\"section\" data-settings=\"{&quot;background_background&quot;:&quot;classic&quot;}\">\n\t\t\t\t\t\t\t<div class=\"elementor-background-overlay\"><\/div>\n\t\t\t\t\t\t\t<div class=\"elementor-container elementor-column-gap-default\">\n\t\t\t\t\t<div class=\"elementor-column elementor-col-100 elementor-top-column elementor-element elementor-element-71c81454\" data-id=\"71c81454\" data-element_type=\"column\" data-e-type=\"column\">\n\t\t\t<div class=\"elementor-widget-wrap elementor-element-populated\">\n\t\t\t\t\t\t<div class=\"elementor-element elementor-element-5a9a6ece elementor-widget__width-initial elementor-absolute elementor-hidden-tablet elementor-hidden-mobile elementor-widget elementor-widget-image\" data-id=\"5a9a6ece\" data-element_type=\"widget\" data-e-type=\"widget\" data-settings=\"{&quot;_position&quot;:&quot;absolute&quot;}\" data-widget_type=\"image.default\">\n\t\t\t\t\t\t\t\t\t\t\t\t\t\t\t<img fetchpriority=\"high\" decoding=\"async\" width=\"990\" height=\"905\" src=\"https:\/\/xpertos.online\/wp-content\/uploads\/2026\/03\/box-3.png\" class=\"attachment-full size-full wp-image-742\" alt=\"\" srcset=\"https:\/\/xpertos.online\/wp-content\/uploads\/2026\/03\/box-3.png 990w, https:\/\/xpertos.online\/wp-content\/uploads\/2026\/03\/box-3-300x274.png 300w, https:\/\/xpertos.online\/wp-content\/uploads\/2026\/03\/box-3-768x702.png 768w\" sizes=\"(max-width: 990px) 100vw, 990px\" \/>\t\t\t\t\t\t\t\t\t\t\t\t\t\t\t<\/div>\n\t\t\t\t<div class=\"elementor-element elementor-element-5ded9e68 elementor-widget elementor-widget-heading\" data-id=\"5ded9e68\" data-element_type=\"widget\" data-e-type=\"widget\" data-widget_type=\"heading.default\">\n\t\t\t\t\t<h4 class=\"elementor-heading-title elementor-size-default\">Xpertos.lat es una consultora donde la estrategia, \nla tecnolog\u00eda y la creatividad se encuentran <br>para ofrecer servicios exclusivos en Bolivia.\n\nDetr\u00e1s de Xpertos.lat hay a\u00f1os de experiencia asesorando a empresas privadas, organismos p\u00fablicos y cooperaci\u00f3n internacional. Somos especialistas en convertir el marketing en un motor de crecimiento.<\/h4>\t\t\t\t<\/div>\n\t\t\t\t\t<\/div>\n\t\t<\/div>\n\t\t\t\t\t<\/div>\n\t\t<\/section>\n\t\t\t\t<section class=\"elementor-section elementor-top-section elementor-element elementor-element-360ec2df elementor-section-boxed elementor-section-height-default elementor-section-height-default\" data-id=\"360ec2df\" data-element_type=\"section\" data-e-type=\"section\" data-settings=\"{&quot;background_background&quot;:&quot;classic&quot;}\">\n\t\t\t\t\t\t<div class=\"elementor-container elementor-column-gap-default\">\n\t\t\t\t\t<div class=\"elementor-column elementor-col-100 elementor-top-column elementor-element elementor-element-58dc5c4d\" data-id=\"58dc5c4d\" data-element_type=\"column\" data-e-type=\"column\">\n\t\t\t<div class=\"elementor-widget-wrap elementor-element-populated\">\n\t\t\t\t\t\t<section class=\"elementor-section elementor-inner-section elementor-element elementor-element-7a946476 elementor-section-boxed elementor-section-height-default elementor-section-height-default\" data-id=\"7a946476\" data-element_type=\"section\" data-e-type=\"section\" data-settings=\"{&quot;background_background&quot;:&quot;classic&quot;}\">\n\t\t\t\t\t\t\t<div class=\"elementor-background-overlay\"><\/div>\n\t\t\t\t\t\t\t<div class=\"elementor-container elementor-column-gap-default\">\n\t\t\t\t\t<div class=\"elementor-column elementor-col-50 elementor-inner-column elementor-element elementor-element-f30f155\" data-id=\"f30f155\" data-element_type=\"column\" data-e-type=\"column\">\n\t\t\t<div class=\"elementor-widget-wrap elementor-element-populated\">\n\t\t\t\t\t\t<div class=\"elementor-element elementor-element-7673f8 elementor-widget elementor-widget-image\" data-id=\"7673f8\" data-element_type=\"widget\" data-e-type=\"widget\" data-widget_type=\"image.default\">\n\t\t\t\t\t\t\t\t\t\t\t\t\t\t\t<img decoding=\"async\" width=\"1065\" height=\"1280\" src=\"https:\/\/xpertos.online\/wp-content\/uploads\/2026\/03\/foto-de-luis-cupari-2-Photoroom.png\" class=\"attachment-full size-full wp-image-955\" alt=\"\" srcset=\"https:\/\/xpertos.online\/wp-content\/uploads\/2026\/03\/foto-de-luis-cupari-2-Photoroom.png 1065w, https:\/\/xpertos.online\/wp-content\/uploads\/2026\/03\/foto-de-luis-cupari-2-Photoroom-250x300.png 250w, https:\/\/xpertos.online\/wp-content\/uploads\/2026\/03\/foto-de-luis-cupari-2-Photoroom-852x1024.png 852w, https:\/\/xpertos.online\/wp-content\/uploads\/2026\/03\/foto-de-luis-cupari-2-Photoroom-768x923.png 768w\" sizes=\"(max-width: 1065px) 100vw, 1065px\" \/>\t\t\t\t\t\t\t\t\t\t\t\t\t\t\t<\/div>\n\t\t\t\t\t<\/div>\n\t\t<\/div>\n\t\t\t\t<div class=\"elementor-column elementor-col-50 elementor-inner-column elementor-element elementor-element-5dbb5e5f\" data-id=\"5dbb5e5f\" data-element_type=\"column\" data-e-type=\"column\">\n\t\t\t<div class=\"elementor-widget-wrap elementor-element-populated\">\n\t\t\t\t\t\t<div class=\"elementor-element elementor-element-2ff798b0 elementor-widget elementor-widget-heading\" data-id=\"2ff798b0\" data-element_type=\"widget\" data-e-type=\"widget\" data-widget_type=\"heading.default\">\n\t\t\t\t\t<h4 class=\"elementor-heading-title elementor-size-default\">Luis Cupari Daza<br>\n\nEconomista, especialista en marketing digital y BTL, l\u00edder de Xpertos.lat<\/h4>\t\t\t\t<\/div>\n\t\t\t\t<div class=\"elementor-element elementor-element-4d839a63 elementor-widget elementor-widget-heading\" data-id=\"4d839a63\" data-element_type=\"widget\" data-e-type=\"widget\" data-widget_type=\"heading.default\">\n\t\t\t\t\t<h6 class=\"elementor-heading-title elementor-size-default\">Con estudios de Comunicaci\u00f3n Estrat\u00e9gica en Madrid y Bruselas, Luis ha asesorado a empresas privadas, instituciones p\u00fablicas y organismos de cooperaci\u00f3n internacional en estrategias de marketing y comunicaci\u00f3n orientadas a resultados.\n\n\nEspecialista en Inteligencia Artificial aplicada al marketing, es el creador de la M\u00e1quina de Ventas, un sistema \u00fanico que automatiza la captaci\u00f3n de clientes. Comparte su experiencia en foros de innovaci\u00f3n y transformaci\u00f3n digital.\n\nHoy lidera Xpertos.lat con la convicci\u00f3n de que una estrategia bien ejecutada es la \u00fanica forma de destacar en un mercado competitivo.<\/h6>\t\t\t\t<\/div>\n\t\t\t\t<div class=\"elementor-element elementor-element-28a7c8e elementor-align-center elementor-mobile-align-center elementor-widget elementor-widget-button\" data-id=\"28a7c8e\" data-element_type=\"widget\" data-e-type=\"widget\" data-widget_type=\"button.default\">\n\t\t\t\t\t\t\t\t\t\t<a class=\"elementor-button elementor-button-link elementor-size-sm\" href=\"https:\/\/xpertos.online\/?page_id=818\" target=\"_blank\">\n\t\t\t\t\t\t<span class=\"elementor-button-content-wrapper\">\n\t\t\t\t\t\t<span class=\"elementor-button-icon\">\n\t\t\t\t<svg aria-hidden=\"true\" class=\"e-font-icon-svg e-fas-angle-right\" viewBox=\"0 0 256 512\" xmlns=\"http:\/\/www.w3.org\/2000\/svg\"><path d=\"M224.3 273l-136 136c-9.4 9.4-24.6 9.4-33.9 0l-22.6-22.6c-9.4-9.4-9.4-24.6 0-33.9l96.4-96.4-96.4-96.4c-9.4-9.4-9.4-24.6 0-33.9L54.3 103c9.4-9.4 24.6-9.4 33.9 0l136 136c9.5 9.4 9.5 24.6.1 34z\"><\/path><\/svg>\t\t\t<\/span>\n\t\t\t\t\t\t\t\t\t<span class=\"elementor-button-text\">VER SERVICIOS<\/span>\n\t\t\t\t\t<\/span>\n\t\t\t\t\t<\/a>\n\t\t\t\t\t\t\t\t<\/div>\n\t\t\t\t\t<\/div>\n\t\t<\/div>\n\t\t\t\t\t<\/div>\n\t\t<\/section>\n\t\t\t\t\t<\/div>\n\t\t<\/div>\n\t\t\t\t\t<\/div>\n\t\t<\/section>\n\t\t\t\t<\/div>\n\t\t","protected":false},"excerpt":{"rendered":"<p>Xpertos.lat es una consultora donde la estrategia, la tecnolog\u00eda y la creatividad se encuentran para ofrecer servicios exclusivos en Bolivia. Detr\u00e1s de Xpertos.lat hay a\u00f1os de experiencia asesorando a empresas privadas, organismos p\u00fablicos y cooperaci\u00f3n internacional. Somos especialistas en convertir el marketing en un motor de crecimiento. Luis Cupari Daza Economista, especialista en marketing digital [&hellip;]<\/p>\n","protected":false},"author":1,"featured_media":0,"parent":0,"menu_order":0,"comment_status":"closed","ping_status":"closed","template":"","meta":{"footnotes":""},"class_list":["post-953","page","type-page","status-publish","hentry"],"yoast_head":"<!-- This site is optimized with the Yoast SEO plugin v27.4 - https:\/\/yoast.com\/product\/yoast-seo-wordpress\/ -->\n<title>Quienes somos - Xpertos<\/title>\n<meta name=\"robots\" content=\"index, follow, max-snippet:-1, max-image-preview:large, max-video-preview:-1\" \/>\n<link rel=\"canonical\" href=\"https:\/\/xpertos.online\/?page_id=953\" \/>\n<meta property=\"og:locale\" content=\"es_ES\" \/>\n<meta property=\"og:type\" content=\"article\" \/>\n<meta property=\"og:title\" content=\"Quienes somos - Xpertos\" \/>\n<meta property=\"og:description\" content=\"Xpertos.lat es una consultora donde la estrategia, la tecnolog\u00eda y la creatividad se encuentran para ofrecer servicios exclusivos en Bolivia. Detr\u00e1s de Xpertos.lat hay a\u00f1os de experiencia asesorando a empresas privadas, organismos p\u00fablicos y cooperaci\u00f3n internacional. Somos especialistas en convertir el marketing en un motor de crecimiento. Luis Cupari Daza Economista, especialista en marketing digital [&hellip;]\" \/>\n<meta property=\"og:url\" content=\"https:\/\/xpertos.online\/?page_id=953\" \/>\n<meta property=\"og:site_name\" content=\"Xpertos\" \/>\n<meta property=\"article:modified_time\" content=\"2026-03-31T16:30:08+00:00\" \/>\n<meta property=\"og:image\" content=\"https:\/\/xpertos.online\/wp-content\/uploads\/2026\/03\/box-3.png\" \/>\n\t<meta property=\"og:image:width\" content=\"990\" \/>\n\t<meta property=\"og:image:height\" content=\"905\" \/>\n\t<meta property=\"og:image:type\" content=\"image\/png\" \/>\n<meta name=\"twitter:card\" content=\"summary_large_image\" \/>\n<meta name=\"twitter:label1\" content=\"Tiempo de lectura\" \/>\n\t<meta name=\"twitter:data1\" content=\"1 minuto\" \/>\n<script type=\"application\/ld+json\" class=\"yoast-schema-graph\">{\"@context\":\"https:\\\/\\\/schema.org\",\"@graph\":[{\"@type\":\"WebPage\",\"@id\":\"https:\\\/\\\/xpertos.online\\\/?page_id=953\",\"url\":\"https:\\\/\\\/xpertos.online\\\/?page_id=953\",\"name\":\"Quienes somos - Xpertos\",\"isPartOf\":{\"@id\":\"https:\\\/\\\/xpertos.online\\\/#website\"},\"primaryImageOfPage\":{\"@id\":\"https:\\\/\\\/xpertos.online\\\/?page_id=953#primaryimage\"},\"image\":{\"@id\":\"https:\\\/\\\/xpertos.online\\\/?page_id=953#primaryimage\"},\"thumbnailUrl\":\"https:\\\/\\\/xpertos.online\\\/wp-content\\\/uploads\\\/2026\\\/03\\\/box-3.png\",\"datePublished\":\"2026-03-30T23:40:04+00:00\",\"dateModified\":\"2026-03-31T16:30:08+00:00\",\"breadcrumb\":{\"@id\":\"https:\\\/\\\/xpertos.online\\\/?page_id=953#breadcrumb\"},\"inLanguage\":\"es\",\"potentialAction\":[{\"@type\":\"ReadAction\",\"target\":[\"https:\\\/\\\/xpertos.online\\\/?page_id=953\"]}]},{\"@type\":\"ImageObject\",\"inLanguage\":\"es\",\"@id\":\"https:\\\/\\\/xpertos.online\\\/?page_id=953#primaryimage\",\"url\":\"https:\\\/\\\/xpertos.online\\\/wp-content\\\/uploads\\\/2026\\\/03\\\/box-3.png\",\"contentUrl\":\"https:\\\/\\\/xpertos.online\\\/wp-content\\\/uploads\\\/2026\\\/03\\\/box-3.png\",\"width\":990,\"height\":905},{\"@type\":\"BreadcrumbList\",\"@id\":\"https:\\\/\\\/xpertos.online\\\/?page_id=953#breadcrumb\",\"itemListElement\":[{\"@type\":\"ListItem\",\"position\":1,\"name\":\"Portada\",\"item\":\"https:\\\/\\\/xpertos.online\\\/\"},{\"@type\":\"ListItem\",\"position\":2,\"name\":\"Quienes somos\"}]},{\"@type\":\"WebSite\",\"@id\":\"https:\\\/\\\/xpertos.online\\\/#website\",\"url\":\"https:\\\/\\\/xpertos.online\\\/\",\"name\":\"Xpertos\",\"description\":\"\",\"potentialAction\":[{\"@type\":\"SearchAction\",\"target\":{\"@type\":\"EntryPoint\",\"urlTemplate\":\"https:\\\/\\\/xpertos.online\\\/?s={search_term_string}\"},\"query-input\":{\"@type\":\"PropertyValueSpecification\",\"valueRequired\":true,\"valueName\":\"search_term_string\"}}],\"inLanguage\":\"es\"}]}<\/script>\n<!-- \/ Yoast SEO plugin. -->","yoast_head_json":{"title":"Quienes somos - Xpertos","robots":{"index":"index","follow":"follow","max-snippet":"max-snippet:-1","max-image-preview":"max-image-preview:large","max-video-preview":"max-video-preview:-1"},"canonical":"https:\/\/xpertos.online\/?page_id=953","og_locale":"es_ES","og_type":"article","og_title":"Quienes somos - Xpertos","og_description":"Xpertos.lat es una consultora donde la estrategia, la tecnolog\u00eda y la creatividad se encuentran para ofrecer servicios exclusivos en Bolivia. Detr\u00e1s de Xpertos.lat hay a\u00f1os de experiencia asesorando a empresas privadas, organismos p\u00fablicos y cooperaci\u00f3n internacional. Somos especialistas en convertir el marketing en un motor de crecimiento. Luis Cupari Daza Economista, especialista en marketing digital [&hellip;]","og_url":"https:\/\/xpertos.online\/?page_id=953","og_site_name":"Xpertos","article_modified_time":"2026-03-31T16:30:08+00:00","og_image":[{"width":990,"height":905,"url":"https:\/\/xpertos.online\/wp-content\/uploads\/2026\/03\/box-3.png","type":"image\/png"}],"twitter_card":"summary_large_image","twitter_misc":{"Tiempo de lectura":"1 minuto"},"schema":{"@context":"https:\/\/schema.org","@graph":[{"@type":"WebPage","@id":"https:\/\/xpertos.online\/?page_id=953","url":"https:\/\/xpertos.online\/?page_id=953","name":"Quienes somos - Xpertos","isPartOf":{"@id":"https:\/\/xpertos.online\/#website"},"primaryImageOfPage":{"@id":"https:\/\/xpertos.online\/?page_id=953#primaryimage"},"image":{"@id":"https:\/\/xpertos.online\/?page_id=953#primaryimage"},"thumbnailUrl":"https:\/\/xpertos.online\/wp-content\/uploads\/2026\/03\/box-3.png","datePublished":"2026-03-30T23:40:04+00:00","dateModified":"2026-03-31T16:30:08+00:00","breadcrumb":{"@id":"https:\/\/xpertos.online\/?page_id=953#breadcrumb"},"inLanguage":"es","potentialAction":[{"@type":"ReadAction","target":["https:\/\/xpertos.online\/?page_id=953"]}]},{"@type":"ImageObject","inLanguage":"es","@id":"https:\/\/xpertos.online\/?page_id=953#primaryimage","url":"https:\/\/xpertos.online\/wp-content\/uploads\/2026\/03\/box-3.png","contentUrl":"https:\/\/xpertos.online\/wp-content\/uploads\/2026\/03\/box-3.png","width":990,"height":905},{"@type":"BreadcrumbList","@id":"https:\/\/xpertos.online\/?page_id=953#breadcrumb","itemListElement":[{"@type":"ListItem","position":1,"name":"Portada","item":"https:\/\/xpertos.online\/"},{"@type":"ListItem","position":2,"name":"Quienes somos"}]},{"@type":"WebSite","@id":"https:\/\/xpertos.online\/#website","url":"https:\/\/xpertos.online\/","name":"Xpertos","description":"","potentialAction":[{"@type":"SearchAction","target":{"@type":"EntryPoint","urlTemplate":"https:\/\/xpertos.online\/?s={search_term_string}"},"query-input":{"@type":"PropertyValueSpecification","valueRequired":true,"valueName":"search_term_string"}}],"inLanguage":"es"}]}},"_links":{"self":[{"href":"https:\/\/xpertos.online\/index.php?rest_route=\/wp\/v2\/pages\/953","targetHints":{"allow":["GET"]}}],"collection":[{"href":"https:\/\/xpertos.online\/index.php?rest_route=\/wp\/v2\/pages"}],"about":[{"href":"https:\/\/xpertos.online\/index.php?rest_route=\/wp\/v2\/types\/page"}],"author":[{"embeddable":true,"href":"https:\/\/xpertos.online\/index.php?rest_route=\/wp\/v2\/users\/1"}],"replies":[{"embeddable":true,"href":"https:\/\/xpertos.online\/index.php?rest_route=%2Fwp%2Fv2%2Fcomments&post=953"}],"version-history":[{"count":5,"href":"https:\/\/xpertos.online\/index.php?rest_route=\/wp\/v2\/pages\/953\/revisions"}],"predecessor-version":[{"id":1081,"href":"https:\/\/xpertos.online\/index.php?rest_route=\/wp\/v2\/pages\/953\/revisions\/1081"}],"wp:attachment":[{"href":"https:\/\/xpertos.online\/index.php?rest_route=%2Fwp%2Fv2%2Fmedia&parent=953"}],"curies":[{"name":"wp","href":"https:\/\/api.w.org\/{rel}","templated":true}]}}